{"id":10002,"date":"2022-10-08T13:27:44","date_gmt":"2022-10-08T18:27:44","guid":{"rendered":"https:\/\/coffeebunncafe.com\/?post_type=product&#038;p=10002"},"modified":"2026-02-12T02:33:32","modified_gmt":"2026-02-12T08:33:32","slug":"1ra-edicion","status":"publish","type":"product","link":"https:\/\/coffeebunncafe.com\/en\/product\/1ra-edicion\/","title":{"rendered":"1ra Edici\u00f3n"},"content":{"rendered":"<p><span style=\"font-weight: 400;\">Este caf\u00e9 se diferencia de otros por su proceso de selecci\u00f3n, donde se recolectan las cerezas m\u00e1s maduras de las variedades Typica y Bourbon, para luego ser transformadas en granos de caf\u00e9 en una mezcla de los procesos lavado y natural, este \u00faltimo proceso a\u00fan conserva la piel de la fruta en su secado, lo cual brinda una dulzura melosa en la taza preparada.<\/span><\/p>\n<p><span style=\"font-weight: 400;\">1ra edici\u00f3n de Caf\u00e9 100% mexicano seleccionado por Lorena Luna de #CoffeeBunnCafe<\/span><\/p>\n<p><span style=\"font-weight: 400;\">Los cafiticultores Eimar Velazquez, Miguel Teodoro y Rogelio J\u00e1come hicieron posible esta 1ra edici\u00f3n, y gracias a su amplio trabajo y consistencia en la conservaci\u00f3n y mejoramiento de la calidad en la producci\u00f3n de caf\u00e9, es que podemos garantizar a nuestros consumidores la trazabilidad de estos granos.<\/span><\/p>","protected":false},"excerpt":{"rendered":"<p>Este blend es producto del trabajo de productores de los estados de Chiapas y Veracruz, ambos conocidos por ser los m\u00e1s grandes en la producci\u00f3n de caf\u00e9 de la Rep\u00fablica Mexicana, donde adem\u00e1s gracias a riqueza de sus suelos y diversidad de su flora se logra el cultivo de caf\u00e9 bajo la sombra de diversos \u00e1rboles.<\/p>\n<p>Este caf\u00e9 se diferencia de otros por su proceso de selecci\u00f3n, donde se recolectan las cerezas m\u00e1s maduras de las variedades Typica y Bourbon, para luego ser transformadas en granos de caf\u00e9 en una mezcla de los procesos lavado y natural, este \u00faltimo proceso a\u00fan conserva la piel de la fruta en su secado, lo cual brinda una dulzura melosa en la taza preparada<\/p>","protected":false},"featured_media":11381,"comment_status":"open","ping_status":"closed","template":"","meta":[],"product_brand":[],"product_cat":[34],"product_tag":[],"class_list":{"0":"post-10002","1":"product","2":"type-product","3":"status-publish","4":"has-post-thumbnail","6":"product_cat-cafe","8":"first","9":"instock","10":"shipping-taxable","11":"purchasable","12":"product-type-simple"},"_links":{"self":[{"href":"https:\/\/coffeebunncafe.com\/en\/wp-json\/wp\/v2\/product\/10002","targetHints":{"allow":["GET"]}}],"collection":[{"href":"https:\/\/coffeebunncafe.com\/en\/wp-json\/wp\/v2\/product"}],"about":[{"href":"https:\/\/coffeebunncafe.com\/en\/wp-json\/wp\/v2\/types\/product"}],"replies":[{"embeddable":true,"href":"https:\/\/coffeebunncafe.com\/en\/wp-json\/wp\/v2\/comments?post=10002"}],"wp:featuredmedia":[{"embeddable":true,"href":"https:\/\/coffeebunncafe.com\/en\/wp-json\/wp\/v2\/media\/11381"}],"wp:attachment":[{"href":"https:\/\/coffeebunncafe.com\/en\/wp-json\/wp\/v2\/media?parent=10002"}],"wp:term":[{"taxonomy":"product_brand","embeddable":true,"href":"https:\/\/coffeebunncafe.com\/en\/wp-json\/wp\/v2\/product_brand?post=10002"},{"taxonomy":"product_cat","embeddable":true,"href":"https:\/\/coffeebunncafe.com\/en\/wp-json\/wp\/v2\/product_cat?post=10002"},{"taxonomy":"product_tag","embeddable":true,"href":"https:\/\/coffeebunncafe.com\/en\/wp-json\/wp\/v2\/product_tag?post=10002"}],"curies":[{"name":"wp","href":"https:\/\/api.w.org\/{rel}","templated":true}]}}